{"id":7957,"date":"2023-11-12T20:09:07","date_gmt":"2023-11-12T17:09:07","guid":{"rendered":"https:\/\/actioningreece.com.gr\/aig\/?page_id=7957"},"modified":"2023-11-15T11:22:12","modified_gmt":"2023-11-15T08:22:12","slug":"photo-gallery","status":"publish","type":"page","link":"https:\/\/actioningreece.com.gr\/aig\/photo-gallery\/","title":{"rendered":"Photo Gallery"},"content":{"rendered":"\t\t<div data-elementor-type=\"wp-page\" data-elementor-id=\"7957\" class=\"elementor elementor-7957\">\n\t\t\t\t    <style>\n      .elementor-control-bwg_view_type_shortcode .elementor-control-input-wrapper,\n      .elementor-control-bwg_elementor_shortcode input {\n        visibility: hidden;\n      }\n      .elementor-control-bwg_elementor_shortcode input {\n        height: 0;\n      }\n      .elementor-control a.bwg-shortcode-btn {\n        text-decoration: none;\n        border-bottom:none;\n      }\n    <\/style>\n    \t\t<section class=\"elementor-section elementor-top-section elementor-element elementor-element-184b261e elementor-section-content-middle elementor-section-boxed elementor-section-height-default elementor-section-height-default\" data-id=\"184b261e\" data-element_type=\"section\">\n\t\t\t\t\t\t<div class=\"elementor-container elementor-column-gap-default\">\n\t\t\t\t\t<div class=\"elementor-column elementor-col-100 elementor-top-column elementor-element elementor-element-54f0e4ac\" data-id=\"54f0e4ac\" data-element_type=\"column\">\n\t\t\t<div class=\"elementor-widget-wrap elementor-element-populated\">\n\t\t\t\t\t\t<div class=\"elementor-element elementor-element-88e8908 elementor-widget elementor-widget-heading\" data-id=\"88e8908\" data-element_type=\"widget\" data-widget_type=\"heading.default\">\n\t\t\t\t<div class=\"elementor-widget-container\">\n\t\t\t\t\t<h1 class=\"elementor-heading-title elementor-size-default\">Photo Gallery<\/h1>\t\t\t\t<\/div>\n\t\t\t\t<\/div>\n\t\t    <style>\n      .elementor-control-bwg_view_type_shortcode .elementor-control-input-wrapper,\n      .elementor-control-bwg_elementor_shortcode input {\n        visibility: hidden;\n      }\n      .elementor-control-bwg_elementor_shortcode input {\n        height: 0;\n      }\n      .elementor-control a.bwg-shortcode-btn {\n        text-decoration: none;\n        border-bottom:none;\n      }\n    <\/style>\n    \t\t<div class=\"elementor-element elementor-element-fada3f5 elementor-widget elementor-widget-bwg-elementor\" data-id=\"fada3f5\" data-element_type=\"widget\" data-widget_type=\"bwg-elementor.default\">\n\t\t\t\t<div class=\"elementor-widget-container\">\n\t\t\t\t\t<style id=\"bwg-style-0\">    #bwg_container1_0 #bwg_container2_0 .bwg-container-0.bwg-standard-thumbnails {      width: 1204px;              justify-content: center;        margin:0 auto !important;              background-color: rgba(255, 255, 255, 0.00);            padding-left: 4px;      padding-top: 4px;      max-width: 100%;            }        #bwg_container1_0 #bwg_container2_0 .bwg-container-0.bwg-standard-thumbnails .bwg-item {    justify-content: flex-start;      max-width: 300px;          }    #bwg_container1_0 #bwg_container2_0 .bwg-container-0.bwg-standard-thumbnails .bwg-item a {       margin-right: 4px;       margin-bottom: 4px;    }    #bwg_container1_0 #bwg_container2_0 .bwg-container-0.bwg-standard-thumbnails .bwg-item0 {      padding: 0px;            background-color:rgba(0,0,0, 0.30);      border: 0px none #CCCCCC;      opacity: 1.00;      border-radius: 0;      box-shadow: ;    }    #bwg_container1_0 #bwg_container2_0 .bwg-container-0.bwg-standard-thumbnails .bwg-item1 img {      max-height: none;      max-width: none;      padding: 0 !important;    }         @media only screen and (min-width: 480px) {\t\t#bwg_container1_0 #bwg_container2_0 .bwg-container-0.bwg-standard-thumbnails .bwg-item1 img {\t\t\t-webkit-transition: all .3s; transition: all .3s;\t\t}\t\t#bwg_container1_0 #bwg_container2_0 .bwg-container-0.bwg-standard-thumbnails .bwg-item1 img:hover {\t\t\t-ms-transform: scale(1.08);\t\t\t-webkit-transform: scale(1.08);\t\t\ttransform: scale(1.08);\t\t}\t\t      }\t    #bwg_container1_0 #bwg_container2_0 .bwg-container-0.bwg-standard-thumbnails .bwg-item1 {      padding-top: 63.333333333333%;    }        #bwg_container1_0 #bwg_container2_0 .bwg-container-0.bwg-standard-thumbnails .bwg-title2,    #bwg_container1_0 #bwg_container2_0 .bwg-container-0.bwg-standard-thumbnails .bwg-ecommerce2 {      color: #323A45;      font-family: Ubuntu;      font-size: 16px;      font-weight: bold;      padding: 2px;      text-shadow: ;      max-height: 100%;    }    #bwg_container1_0 #bwg_container2_0 .bwg-container-0.bwg-standard-thumbnails .bwg-thumb-description span {    color: #323A45;    font-family: Ubuntu;    font-size: 12px;    max-height: 100%;    word-wrap: break-word;    }    #bwg_container1_0 #bwg_container2_0 .bwg-container-0.bwg-standard-thumbnails .bwg-play-icon2 {      font-size: 32px;    }    #bwg_container1_0 #bwg_container2_0 .bwg-container-0.bwg-standard-thumbnails .bwg-ecommerce2 {      font-size: 19.2px;      color: #323A45;    }    <\/style>    <div id=\"bwg_container1_0\"         class=\"bwg_container bwg_thumbnail bwg_thumbnails \"         data-right-click-protection=\"1\"         data-bwg=\"0\"         data-scroll=\"0\"         data-gallery-type=\"thumbnails\"         data-gallery-view-type=\"thumbnails\"         data-current-url=\"\/aig\/wp-json\/wp\/v2\/pages\/7957\"         data-lightbox-url=\"https:\/\/actioningreece.com.gr\/aig\/wp-admin\/admin-ajax.php?action=GalleryBox&#038;current_view=0&#038;gallery_id=0&#038;tag=0&#038;theme_id=1&#038;shortcode_id=2&#038;sort_by=date&#038;order_by=asc&#038;current_url=%2Faig%2Fwp-json%2Fwp%2Fv2%2Fpages%2F7957\"         data-gallery-id=\"0\"         data-popup-width=\"800\"         data-popup-height=\"500\"         data-is-album=\"gallery\"         data-buttons-position=\"bottom\">      <div id=\"bwg_container2_0\">             <div id=\"ajax_loading_0\" class=\"bwg_loading_div_1\">      <div class=\"bwg_loading_div_2\">        <div class=\"bwg_loading_div_3\">          <div id=\"loading_div_0\" class=\"bwg_spider_ajax_loading\">          <\/div>        <\/div>      <\/div>    <\/div>            <form id=\"gal_front_form_0\"              class=\"bwg-hidden\"              method=\"post\"              action=\"#\"              data-current=\"0\"              data-shortcode-id=\"2\"              data-gallery-type=\"thumbnails\"              data-gallery-id=\"0\"              data-tag=\"0\"              data-album-id=\"0\"              data-theme-id=\"1\"              data-ajax-url=\"https:\/\/actioningreece.com.gr\/aig\/wp-admin\/admin-ajax.php?action=bwg_frontend_data\">          <div id=\"bwg_container3_0\" class=\"bwg-background bwg-background-0\">                <div data-max-count=\"4\"         data-thumbnail-width=\"300\"         data-bwg=\"0\"         data-gallery-id=\"0\"         data-lightbox-url=\"https:\/\/actioningreece.com.gr\/aig\/wp-admin\/admin-ajax.php?action=GalleryBox&amp;current_view=0&amp;gallery_id=0&amp;tag=0&amp;theme_id=1&amp;shortcode_id=2&amp;sort_by=date&amp;order_by=asc&amp;current_url=%2Faig%2Fwp-json%2Fwp%2Fv2%2Fpages%2F7957\"         id=\"bwg_thumbnails_0\"         class=\"bwg-container-0 bwg-thumbnails bwg-standard-thumbnails bwg-container bwg-border-box\">            <div class=\"bwg-item\">        <a class=\"bwg-a  bwg_lightbox\"  data-image-id=\"2\" href=\"https:\/\/actioningreece.com.gr\/aig\/wp-content\/uploads\/photo-gallery\/17.jpg?bwg=1699891138\" data-elementor-open-lightbox=\"no\">                <div class=\"bwg-item0 \">          <div class=\"bwg-item1 \">            <div class=\"bwg-item2\">              <img decoding=\"async\" class=\"skip-lazy bwg_standart_thumb_img_0 \"                   data-id=\"2\"                   data-width=\"500.00\"                   data-height=\"375.00\"                   data-src=\"https:\/\/actioningreece.com.gr\/aig\/wp-content\/uploads\/photo-gallery\/thumb\/17.jpg?bwg=1699891138\"                   src=\"https:\/\/actioningreece.com.gr\/aig\/wp-content\/uploads\/photo-gallery\/thumb\/17.jpg?bwg=1699891138\"                   alt=\"\u039f\u0394\u039f\u0399\u03a0\u039f\u03a1\u0399\u039a\u039f \u0393\u0395\u03a5\u03a3\u0397\u03a3 \u039a\u0391\u0399 \u03a4\u039f\u03a5\u03a1\u0399\u03a3\u039c\u039f\u03a5\"                   title=\"\u039f\u0394\u039f\u0399\u03a0\u039f\u03a1\u0399\u039a\u039f \u0393\u0395\u03a5\u03a3\u0397\u03a3 \u039a\u0391\u0399 \u03a4\u039f\u03a5\u03a1\u0399\u03a3\u039c\u039f\u03a5\" \/>            <\/div>            <div class=\"\">                                                      <\/div>          <\/div>        <\/div>                <div class=\"bwg-title1\"><div class=\"bwg-title2\">\u039f\u0394\u039f\u0399\u03a0\u039f\u03a1\u0399\u039a\u039f \u0393\u0395\u03a5\u03a3\u0397\u03a3 \u039a\u0391\u0399 \u03a4\u039f\u03a5\u03a1\u0399\u03a3\u039c\u039f\u03a5<\/div><\/div>        <\/a>        <div class=\"bwg-thumb-description bwg_thumb_description_0\"><span>\u0393\u03b5\u03cd\u03bc\u03b1 \u03bc\u03b5 \u03b8\u03ad\u03b1 \u03c4\u03bf\u03bd \u038c\u03bb\u03c5\u03bc\u03c0\u03bf ( \u0391\u03a0\u03a1\u0399\u039b\u0399\u039f\u03a3 2023 ) <\/span><\/div>      <\/div>            <div class=\"bwg-item\">        <a class=\"bwg-a  bwg_lightbox\"  data-image-id=\"3\" href=\"https:\/\/actioningreece.com.gr\/aig\/wp-content\/uploads\/photo-gallery\/16.jpg?bwg=1699891138\" data-elementor-open-lightbox=\"no\">                <div class=\"bwg-item0 \">          <div class=\"bwg-item1 \">            <div class=\"bwg-item2\">              <img decoding=\"async\" class=\"skip-lazy bwg_standart_thumb_img_0 \"                   data-id=\"3\"                   data-width=\"375.00\"                   data-height=\"500.00\"                   data-src=\"https:\/\/actioningreece.com.gr\/aig\/wp-content\/uploads\/photo-gallery\/thumb\/16.jpg?bwg=1699891138\"                   src=\"https:\/\/actioningreece.com.gr\/aig\/wp-content\/uploads\/photo-gallery\/thumb\/16.jpg?bwg=1699891138\"                   alt=\"\u039f\u0394\u039f\u0399\u03a0\u039f\u03a1\u0399\u039a\u039f \u0393\u0395\u03a5\u03a3\u0397\u03a3 \u039a\u0391\u0399 \u03a4\u039f\u03a5\u03a1\u0399\u03a3\u039c\u039f\u03a5\"                   title=\"\u039f\u0394\u039f\u0399\u03a0\u039f\u03a1\u0399\u039a\u039f \u0393\u0395\u03a5\u03a3\u0397\u03a3 \u039a\u0391\u0399 \u03a4\u039f\u03a5\u03a1\u0399\u03a3\u039c\u039f\u03a5\" \/>            <\/div>            <div class=\"\">                                                      <\/div>          <\/div>        <\/div>                <div class=\"bwg-title1\"><div class=\"bwg-title2\">\u039f\u0394\u039f\u0399\u03a0\u039f\u03a1\u0399\u039a\u039f \u0393\u0395\u03a5\u03a3\u0397\u03a3 \u039a\u0391\u0399 \u03a4\u039f\u03a5\u03a1\u0399\u03a3\u039c\u039f\u03a5<\/div><\/div>        <\/a>        <div class=\"bwg-thumb-description bwg_thumb_description_0\"><span>\u0395\u03c0\u03af \u03c4\u03c9 \u03ad\u03c1\u03b3\u03c9 ... \u03a6\u03bf\u03bb\u03ad\u03b3\u03b1\u03bd\u03b4\u03c1\u03bf\u03c2 ( \u0399\u03bf\u03cd\u03bb\u03b9\u03bf\u03c2 2023 )<\/span><\/div>      <\/div>            <div class=\"bwg-item\">        <a class=\"bwg-a  bwg_lightbox\"  data-image-id=\"4\" href=\"https:\/\/actioningreece.com.gr\/aig\/wp-content\/uploads\/photo-gallery\/13.jpg?bwg=1699892689\" data-elementor-open-lightbox=\"no\">                <div class=\"bwg-item0 \">          <div class=\"bwg-item1 \">            <div class=\"bwg-item2\">              <img decoding=\"async\" class=\"skip-lazy bwg_standart_thumb_img_0 \"                   data-id=\"4\"                   data-width=\"375.00\"                   data-height=\"500.00\"                   data-src=\"https:\/\/actioningreece.com.gr\/aig\/wp-content\/uploads\/photo-gallery\/thumb\/13.jpg?bwg=1699892689\"                   src=\"https:\/\/actioningreece.com.gr\/aig\/wp-content\/uploads\/photo-gallery\/thumb\/13.jpg?bwg=1699892689\"                   alt=\"\u0391\u039d\u0398\u039f\u039b\u039f\u0393\u0399\u039f \u03a4\u0397\u03a3 \u0395\u039b\u039b\u0397\u039d\u0399\u039a\u0397\u03a3 \u0393\u0391\u03a3\u03a4\u03a1\u039f\u039d\u039f\u039c\u0399\u0391\u03a3 \"                   title=\"\u0391\u039d\u0398\u039f\u039b\u039f\u0393\u0399\u039f \u03a4\u0397\u03a3 \u0395\u039b\u039b\u0397\u039d\u0399\u039a\u0397\u03a3 \u0393\u0391\u03a3\u03a4\u03a1\u039f\u039d\u039f\u039c\u0399\u0391\u03a3 \" \/>            <\/div>            <div class=\"\">                                                      <\/div>          <\/div>        <\/div>                <div class=\"bwg-title1\"><div class=\"bwg-title2\">\u0391\u039d\u0398\u039f\u039b\u039f\u0393\u0399\u039f \u03a4\u0397\u03a3 \u0395\u039b\u039b\u0397\u039d\u0399\u039a\u0397\u03a3 \u0393\u0391\u03a3\u03a4\u03a1\u039f\u039d\u039f\u039c\u0399\u0391\u03a3 <\/div><\/div>        <\/a>        <div class=\"bwg-thumb-description bwg_thumb_description_0\"><span>\u0388\u03ba\u03b8\u03b5\u03c3\u03b7 \u03b5\u03be\u03b1\u03b3\u03c9\u03b3\u03b9\u03ba\u03ce\u03bd \u03b2\u03c1\u03b1\u03b2\u03b5\u03c5\u03bc\u03ad\u03bd\u03c9\u03bd \u03c0\u03c1\u03bf\u03b9\u03cc\u03bd\u03c4\u03c9\u03bd \u03c3\u03c4\u03b7 \u039b\u03b9\u03b8\u03bf\u03c5\u03b1\u03bd\u03af\u03b1  ( \u03a3\u03b5\u03c0\u03c4\u03ad\u03bc\u03b2\u03c1\u03b9\u03bf\u03c2  2023 ) <br \/>GRAIKI\u0160KOS G\u0116RYB\u0116S BENEDIKTO TURGUJE<\/span><\/div>      <\/div>            <div class=\"bwg-item\">        <a class=\"bwg-a  bwg_lightbox\"  data-image-id=\"5\" href=\"https:\/\/actioningreece.com.gr\/aig\/wp-content\/uploads\/photo-gallery\/DSC_8069.jpg?bwg=1699892689\" data-elementor-open-lightbox=\"no\">                <div class=\"bwg-item0 \">          <div class=\"bwg-item1 \">            <div class=\"bwg-item2\">              <img decoding=\"async\" class=\"skip-lazy bwg_standart_thumb_img_0 \"                   data-id=\"5\"                   data-width=\"333.00\"                   data-height=\"500.00\"                   data-src=\"https:\/\/actioningreece.com.gr\/aig\/wp-content\/uploads\/photo-gallery\/thumb\/DSC_8069.jpg?bwg=1699892689\"                   src=\"https:\/\/actioningreece.com.gr\/aig\/wp-content\/uploads\/photo-gallery\/thumb\/DSC_8069.jpg?bwg=1699892689\"                   alt=\"ACTION IN GREECE \"                   title=\"ACTION IN GREECE \" \/>            <\/div>            <div class=\"\">                                                      <\/div>          <\/div>        <\/div>                <div class=\"bwg-title1\"><div class=\"bwg-title2\">ACTION IN GREECE <\/div><\/div>        <\/a>        <div class=\"bwg-thumb-description bwg_thumb_description_0\"><span>\u0394\u03b5\u03be\u03af\u03c9\u03c3\u03b7 \u03b3\u03b9\u03b1 \u03c4\u03b1 \u03c0\u03ad\u03bc\u03c0\u03c4\u03b1 \u03b3\u03b5\u03bd\u03ad\u03b8\u03bb\u03b9\u03b1 \u03c4\u03bf\u03c5 Action In Greece  ( \u0399\u03b1\u03bd\u03bf\u03c5\u03ac\u03c1\u03b9\u03bf\u03c2 2020 ) <br \/>\u039f \u03b1\u03c5\u03b8\u03b5\u03bd\u03c4\u03b9\u03ba\u03cc\u03c2 \u03c0\u03af\u03bd\u03b1\u03ba\u03b1\u03c2 \u03b6\u03c9\u03b3\u03c1\u03b1\u03c6\u03b9\u03ba\u03ae\u03c2 , \u03c0\u03bf\u03c5 \u03ad\u03c7\u03b5\u03b9 \u03b4\u03b7\u03bc\u03b9\u03bf\u03c5\u03c1\u03b3\u03ae\u03c3\u03b5\u03b9 \u03b7 \u03ba\u03bf\u03c1\u03c5\u03c6\u03b1\u03af\u03b1 \u03b5\u03b9\u03ba\u03b1\u03c3\u03c4\u03b9\u03ba\u03cc\u03c2 \u0386\u03bd\u03bd\u03b1 \u0394\u03b7\u03bc\u03ac\u03ba\u03b7<br \/>\u03b3\u03b9\u03b1 \u03c4\u03bf Action In Greece <br \/>\u0399\u0394\u03a1\u03a5\u039c\u0391 \u039c\u0399\u03a7\u0391\u039b\u0397\u03a3 \u039a\u0391\u039a\u039f\u0393\u0399\u0391\u039d\u039d\u0397\u03a3<\/span><\/div>      <\/div>            <div class=\"bwg-item\">        <a class=\"bwg-a  bwg_lightbox\"  data-image-id=\"6\" href=\"https:\/\/actioningreece.com.gr\/aig\/wp-content\/uploads\/photo-gallery\/15.jpg?bwg=1699892689\" data-elementor-open-lightbox=\"no\">                <div class=\"bwg-item0 \">          <div class=\"bwg-item1 \">            <div class=\"bwg-item2\">              <img decoding=\"async\" class=\"skip-lazy bwg_standart_thumb_img_0 \"                   data-id=\"6\"                   data-width=\"430.00\"                   data-height=\"500.00\"                   data-src=\"https:\/\/actioningreece.com.gr\/aig\/wp-content\/uploads\/photo-gallery\/thumb\/15.jpg?bwg=1699892689\"                   src=\"https:\/\/actioningreece.com.gr\/aig\/wp-content\/uploads\/photo-gallery\/thumb\/15.jpg?bwg=1699892689\"                   alt=\"\u0391\u039d\u0398\u039f\u039b\u039f\u0393\u0399\u039f \u03a4\u0397\u03a3 \u0395\u039b\u039b\u0397\u039d\u0399\u039a\u0397\u03a3 \u0393\u0391\u03a3\u03a4\u03a1\u039f\u039d\u039f\u039c\u0399\u0391\u03a3   \"                   title=\"\u0391\u039d\u0398\u039f\u039b\u039f\u0393\u0399\u039f \u03a4\u0397\u03a3 \u0395\u039b\u039b\u0397\u039d\u0399\u039a\u0397\u03a3 \u0393\u0391\u03a3\u03a4\u03a1\u039f\u039d\u039f\u039c\u0399\u0391\u03a3   \" \/>            <\/div>            <div class=\"\">                                                      <\/div>          <\/div>        <\/div>                <div class=\"bwg-title1\"><div class=\"bwg-title2\">\u0391\u039d\u0398\u039f\u039b\u039f\u0393\u0399\u039f \u03a4\u0397\u03a3 \u0395\u039b\u039b\u0397\u039d\u0399\u039a\u0397\u03a3 \u0393\u0391\u03a3\u03a4\u03a1\u039f\u039d\u039f\u039c\u0399\u0391\u03a3   <\/div><\/div>        <\/a>        <div class=\"bwg-thumb-description bwg_thumb_description_0\"><span>\u0391\u03c5\u03b8\u03b5\u03bd\u03c4\u03b9\u03ba\u03cc \u0395\u03bb\u03bb\u03b7\u03bd\u03b9\u03ba\u03cc \u03a0\u03c1\u03c9\u03b9\u03bd\u03cc \u03c3\u03c4\u03bf Koukos Inn <br \/>\u03c3\u03c4\u03bf \u03c7\u03c9\u03c1\u03b9\u03cc \u039a\u039f\u03a5\u039a\u039f\u03a3 , \u03c0\u03ac\u03bd\u03c9 \u03b1\u03c0\u0384\u03c4\u03b7\u03bd \u039a\u03b1\u03c4\u03b5\u03c1\u03af\u03bd\u03b7 \u03c3\u03c4\u03b7\u03bd \u03a0\u03b9\u03b5\u03c1\u03af\u03b1  ( \u0391\u03cd\u03b3\u03bf\u03c5\u03c3\u03c4\u03bf\u03c2 2023 ) <br \/>https:\/\/www.facebook.com\/koukosinn<\/span><\/div>      <\/div>          <\/div>    <style>      \/*pagination styles*\/      #bwg_container1_0 #bwg_container2_0 .tablenav-pages_0 {\t\t\t\ttext-align: center;\t\t\t\tfont-size: 12px;\t\t\t\tfont-family: Ubuntu;\t\t\t\tfont-weight: bold;\t\t\t\tcolor: #666666;\t\t\t\tmargin: 6px 0 4px;\t\t\t\tdisplay: block;      }      @media only screen and (max-width : 320px) {      #bwg_container1_0 #bwg_container2_0 .displaying-num_0 {     \t display: none;      }      }      #bwg_container1_0 #bwg_container2_0 .displaying-num_0 {\t\t\t\tfont-size: 12px;\t\t\t\tfont-family: Ubuntu;\t\t\t\tfont-weight: bold;\t\t\t\tcolor: #666666;\t\t\t\tmargin-right: 10px;\t\t\t\tvertical-align: middle;      }      #bwg_container1_0 #bwg_container2_0 .paging-input_0 {\t\t\t\tfont-size: 12px;\t\t\t\tfont-family: Ubuntu;\t\t\t\tfont-weight: bold;\t\t\t\tcolor: #666666;\t\t\t\tvertical-align: middle;      }      #bwg_container1_0 #bwg_container2_0 .tablenav-pages_0 a.disabled,      #bwg_container1_0 #bwg_container2_0 .tablenav-pages_0 a.disabled:hover,      #bwg_container1_0 #bwg_container2_0 .tablenav-pages_0 a.disabled:focus,\t\t\t#bwg_container1_0 #bwg_container2_0 .tablenav-pages_0 input.bwg_current_page {\t\t\t\tcursor: default;\t\t\t\tcolor: rgba(102, 102, 102, 0.5);      }      #bwg_container1_0 #bwg_container2_0 .tablenav-pages_0 a,      #bwg_container1_0 #bwg_container2_0 .tablenav-pages_0 input.bwg_current_page {\t\t\t\tcursor: pointer;\t\t\t\ttext-align: center;\t\t\t\tfont-size: 12px;\t\t\t\tfont-family: Ubuntu;\t\t\t\tfont-weight: bold;\t\t\t\tcolor: #666666;\t\t\t\ttext-decoration: none;\t\t\t\tpadding: 3px 6px;\t\t\t\tmargin: 0;\t\t\t\tborder-radius: 0;\t\t\t\tborder-style: solid;\t\t\t\tborder-width: 1px;\t\t\t\tborder-color: #E3E3E3;\t\t\t\t\t\t\t\tbackground-color: rgba(255, 255, 255, 1.00);\t\t\t\tbox-shadow: 0;\t\t\t\ttransition: all 0.3s ease 0s;-webkit-transition: all 0.3s ease 0s;      }      <\/style>      <span class=\"bwg_nav_cont_0\">              <div class=\"tablenav-pages_0\">                  <\/div>                <input type=\"hidden\" id=\"page_number_0\" name=\"page_number_0\" value=\"1\" \/>      <script type=\"text\/javascript\">        if( jQuery('.bwg_nav_cont_0').length > 1 ) {          jQuery('.bwg_nav_cont_0').first().remove()        }        function spider_page_0(cur, x, y, load_more) {          if (typeof load_more == \"undefined\") {            var load_more = false;          }          if (jQuery(cur).hasClass('disabled')) {            return false;          }          var items_county_0 = 1;          switch (y) {            case 1:              if (x >= items_county_0) {                document.getElementById('page_number_0').value = items_county_0;              }              else {                document.getElementById('page_number_0').value = x + 1;              }              break;            case 2:              document.getElementById('page_number_0').value = items_county_0;              break;            case -1:              if (x == 1) {                document.getElementById('page_number_0').value = 1;              }              else {                document.getElementById('page_number_0').value = x - 1;              }              break;            case -2:              document.getElementById('page_number_0').value = 1;              break;\t\t\t\t\t\tcase 0:              document.getElementById('page_number_0').value = x;              break;            default:              document.getElementById('page_number_0').value = 1;          }          bwg_ajax('gal_front_form_0', '0', 'bwg_thumbnails_0', '0', '', 'gallery', 0, '', '', load_more, '', 1);        }                    jQuery('.first-page-0').on('click', function () {              spider_page_0(this, 1, -2, 'numeric');              return false;            });            jQuery('.prev-page-0').on('click', function () {              spider_page_0(this, 1, -1, 'numeric');              return false;            });            jQuery('.next-page-0').on('click', function () {              spider_page_0(this, 1, 1, 'numeric');              return false;            });            jQuery('.last-page-0').on('click', function () {              spider_page_0(this, 1, 2, 'numeric');              return false;            });        \t\t\t\t\/* Change page on input enter. *\/        function bwg_change_page_0( e, that ) {          if (  e.key == 'Enter' ) {            var to_page = parseInt(jQuery(that).val());            var pages_count = jQuery(that).parents(\".pagination-links\").data(\"pages-count\");            var current_url_param = jQuery(that).attr('data-url-info');            if (to_page > pages_count) {              to_page = 1;            }\t \t\t\t\t\t\t\t\t\t\t\t\tspider_page_0(this, to_page, 0, 'numeric');\t\t\t\t\t\t\treturn false;\t\t\t\t\t\t          }          return true;        }        jQuery('.bwg_load_btn_0').on('click', function () {            spider_page_0(this, 1, 1, true);            return false;        });      <\/script>      <\/span>                <\/div>        <\/form>        <style>          #bwg_container1_0 #bwg_container2_0 #spider_popup_overlay_0 {          background-color: #EEEEEE;          opacity: 0.60;          }          <\/style>        <div id=\"bwg_spider_popup_loading_0\" class=\"bwg_spider_popup_loading\"><\/div>        <div id=\"spider_popup_overlay_0\" class=\"spider_popup_overlay\" onclick=\"spider_destroypopup(1000)\"><\/div>        <input type=\"hidden\" id=\"bwg_random_seed_0\" value=\"137613548\">                <\/div>    <\/div>    <script>      if (document.readyState === 'complete') {        if( typeof bwg_main_ready == 'function' ) {          if ( jQuery(\"#bwg_container1_0\").height() ) {            bwg_main_ready(jQuery(\"#bwg_container1_0\"));          }        }      } else {        document.addEventListener('DOMContentLoaded', function() {          if( typeof bwg_main_ready == 'function' ) {            if ( jQuery(\"#bwg_container1_0\").height() ) {             bwg_main_ready(jQuery(\"#bwg_container1_0\"));            }          }        });      }    <\/script>    \t\t\t\t<\/div>\n\t\t\t\t<\/div>\n\t\t\t\t<div class=\"elementor-element elementor-element-747fbef elementor-widget elementor-widget-spacer\" data-id=\"747fbef\" data-element_type=\"widget\" data-widget_type=\"spacer.default\">\n\t\t\t\t<div class=\"elementor-widget-container\">\n\t\t\t\t\t\t\t<div class=\"elementor-spacer\">\n\t\t\t<div class=\"elementor-spacer-inner\"><\/div>\n\t\t<\/div>\n\t\t\t\t\t\t<\/div>\n\t\t\t\t<\/div>\n\t\t\t\t\t<\/div>\n\t\t<\/div>\n\t\t\t\t\t<\/div>\n\t\t<\/section>\n\t\t\t\t<\/div>\n\t\t","protected":false},"excerpt":{"rendered":"<p>Photo Gallery \u039f\u0394\u039f\u0399\u03a0\u039f\u03a1\u0399\u039a\u039f \u0393\u0395\u03a5\u03a3\u0397\u03a3 \u039a\u0391\u0399 \u03a4\u039f\u03a5\u03a1\u0399\u03a3\u039c\u039f\u03a5 \u0393\u03b5\u03cd\u03bc\u03b1 \u03bc\u03b5 \u03b8\u03ad\u03b1 \u03c4\u03bf\u03bd \u038c\u03bb\u03c5\u03bc\u03c0\u03bf ( \u0391\u03a0\u03a1\u0399\u039b\u0399\u039f\u03a3 2023 ) \u039f\u0394\u039f\u0399\u03a0\u039f\u03a1\u0399\u039a\u039f \u0393\u0395\u03a5\u03a3\u0397\u03a3 \u039a\u0391\u0399 \u03a4\u039f\u03a5\u03a1\u0399\u03a3\u039c\u039f\u03a5 \u0395\u03c0\u03af \u03c4\u03c9 \u03ad\u03c1\u03b3\u03c9 &#8230; \u03a6\u03bf\u03bb\u03ad\u03b3\u03b1\u03bd\u03b4\u03c1\u03bf\u03c2 ( \u0399\u03bf\u03cd\u03bb\u03b9\u03bf\u03c2 2023 ) \u0391\u039d\u0398\u039f\u039b\u039f\u0393\u0399\u039f \u03a4\u0397\u03a3 \u0395\u039b\u039b\u0397\u039d\u0399\u039a\u0397\u03a3 \u0393\u0391\u03a3\u03a4\u03a1\u039f\u039d\u039f\u039c\u0399\u0391\u03a3 \u0388\u03ba\u03b8\u03b5\u03c3\u03b7 \u03b5\u03be\u03b1\u03b3\u03c9\u03b3\u03b9\u03ba\u03ce\u03bd \u03b2\u03c1\u03b1\u03b2\u03b5\u03c5\u03bc\u03ad\u03bd\u03c9\u03bd \u03c0\u03c1\u03bf\u03b9\u03cc\u03bd\u03c4\u03c9\u03bd \u03c3\u03c4\u03b7 \u039b\u03b9\u03b8\u03bf\u03c5\u03b1\u03bd\u03af\u03b1 ( \u03a3\u03b5\u03c0\u03c4\u03ad\u03bc\u03b2\u03c1\u03b9\u03bf\u03c2 2023 ) GRAIKI\u0160KOS G\u0116RYB\u0116S BENEDIKTO TURGUJE ACTION IN GREECE \u0394\u03b5\u03be\u03af\u03c9\u03c3\u03b7 \u03b3\u03b9\u03b1 \u03c4\u03b1 \u03c0\u03ad\u03bc\u03c0\u03c4\u03b1 \u03b3\u03b5\u03bd\u03ad\u03b8\u03bb\u03b9\u03b1 \u03c4\u03bf\u03c5 [&hellip;]<\/p>\n","protected":false},"author":1,"featured_media":0,"parent":0,"menu_order":0,"comment_status":"closed","ping_status":"closed","template":"page-templates\/breadcrumb.php","meta":{"footnotes":""},"class_list":["post-7957","page","type-page","status-publish","hentry"],"aioseo_notices":[],"_links":{"self":[{"href":"https:\/\/actioningreece.com.gr\/aig\/wp-json\/wp\/v2\/pages\/7957","targetHints":{"allow":["GET"]}}],"collection":[{"href":"https:\/\/actioningreece.com.gr\/aig\/wp-json\/wp\/v2\/pages"}],"about":[{"href":"https:\/\/actioningreece.com.gr\/aig\/wp-json\/wp\/v2\/types\/page"}],"author":[{"embeddable":true,"href":"https:\/\/actioningreece.com.gr\/aig\/wp-json\/wp\/v2\/users\/1"}],"replies":[{"embeddable":true,"href":"https:\/\/actioningreece.com.gr\/aig\/wp-json\/wp\/v2\/comments?post=7957"}],"version-history":[{"count":25,"href":"https:\/\/actioningreece.com.gr\/aig\/wp-json\/wp\/v2\/pages\/7957\/revisions"}],"predecessor-version":[{"id":8001,"href":"https:\/\/actioningreece.com.gr\/aig\/wp-json\/wp\/v2\/pages\/7957\/revisions\/8001"}],"wp:attachment":[{"href":"https:\/\/actioningreece.com.gr\/aig\/wp-json\/wp\/v2\/media?parent=7957"}],"curies":[{"name":"wp","href":"https:\/\/api.w.org\/{rel}","templated":true}]}}